{"id":11,"date":"2019-11-03T18:50:02","date_gmt":"2019-11-03T21:50:02","guid":{"rendered":"http:\/\/metalurgicacolo.com.ar\/?page_id=11"},"modified":"2020-02-08T21:52:33","modified_gmt":"2020-02-09T00:52:33","slug":"nuestros-clientes","status":"publish","type":"page","link":"http:\/\/metalurgicacolo.com.ar\/index.php\/nuestros-clientes\/","title":{"rendered":"Nuestros Clientes"},"content":{"rendered":"\n<p class=\"has-text-align-center\">Admeco S.A.<br><a href=\"http:\/\/www.aptar.com\">Aptar S.A.<br><\/a><a href=\"http:\/\/www.arquimiasa.com.ar\/\">Arquimia S.A.<br><\/a>Dacomat S.A.<br><a href=\"https:\/\/www.daromsrl.com.ar\/\">Darom Construcciones S.R.L.<br><\/a>Dinge<br>Expreso Villa Nueva S.A.<br><a href=\"http:\/\/www.faisansa.com.ar\/\">Faisan S.A.<br><\/a><a href=\"http:\/\/www.fluidostr.com.ar\/\">Fluidos Tecno Rulvo S.R.L<br><\/a><a href=\"http:\/\/www.gibaut.com\/\">Gibaut Hermanos S.A.<br><\/a><a href=\"http:\/\/gora.com.ar\/\">Gora S.A.<br><\/a><a href=\"https:\/\/www.incalfe\">Incalfer S.R.L.<br><\/a>Industrias Bamet<br><a href=\"http:\/\/industriastransdal.com\/\">Industrias Transdal S.A.<br><\/a><a href=\"http:\/\/www.inoxplaingenieria.com.ar\/\">Inoxpla S.A.<br><\/a><a href=\"http:\/\/www.biol.com.ar\/\">Instituto Biol\u00f3gico Argentino S.A.I.C.<br><\/a><a href=\"http:\/\/instrumec.com.ar\/\">Instrumec S.R.L.<br><\/a><a href=\"https:\/\/isi.srl\/\">Isi S.R.L.<br><\/a><a href=\"http:\/\/ssl.kartonsec.com\/es\/home#\/\">Kartonsec S.A.<br><\/a><a href=\"http:\/\/www.latinchemical.com.ar\/\">Latin Chemical Suppliers S.A.<br><\/a>Log\u00edstica y Transportes Cutini S.A.<br>Mavre S.R.L.<br><a href=\"https:\/\/www.megatrans.com.ar\/es\">Megatrans S.A<br><\/a>Metromel<br>Micro \u00d3mnibus<br><a href=\"http:\/\/www.montajesimeca.com.ar\/\">Montajes Imeca S.A.<br><\/a><a href=\"http:\/\/www.nimec.com.ar\/\">Nimec S.A.<br><\/a><a href=\"https:\/\/www.myfsa.com.ar\/\">Mart\u00ednez y de la Fuente S.A.<br><\/a><a href=\"http:\/\/www.wgiem.com.ar\/olega-sa\/\">Olega S.A.<br><\/a><a href=\"http:\/\/platalab.com.ar\/es_AR\/\">Platalab<\/a><br><a href=\"http:\/\/www.recomar.com.ar\/\">Recomar S.A<br><\/a>Reginal Lee S.A.<br><a href=\"http:\/\/www.secin.com.ar\/index.php\">Secin S.A.<br><\/a>Sedipini S.A.<br>Simaco S.A.<br><a href=\"https:\/\/tecno-orbital.com.ar\/\">Tecno Orbital S.A.<br><\/a><a href=\"http:\/\/teymo.com.ar\/\">Teymo Ingenier\u00eda<br><\/a>Trackruta S.A.<br>Transvarela S.R.L.<\/p>\n","protected":false},"excerpt":{"rendered":"<p>Admeco S.A.Aptar S.A.Arquimia S.A.Dacomat S.A.Darom Construcciones S.R.L.DingeExpreso Villa Nueva S.A.Faisan S.A.Fluidos Tecno Rulvo S.R.LGibaut Hermanos S.A.Gora S.A.Incalfer S.R.L.Industrias BametIndustrias Transdal S.A.Inoxpla S.A.Instituto Biol\u00f3gico Argentino S.A.I.C.Instrumec S.R.L.Isi S.R.L.Kartonsec S.A.Latin Chemical Suppliers S.A.Log\u00edstica y Transportes Cutini S.A.Mavre S.R.L.Megatrans S.AMetromelMicro \u00d3mnibusMontajes Imeca S.A.Nimec S.A.Mart\u00ednez y de la Fuente S.A.Olega S.A.PlatalabRecomar S.AReginal Lee S.A.Secin S.A.Sedipini S.A.Simaco S.A.Tecno Orbital S.A.Teymo&#8230;<\/p>\n","protected":false},"author":1,"featured_media":0,"parent":0,"menu_order":0,"comment_status":"closed","ping_status":"closed","template":"","meta":{"om_disable_all_campaigns":false,"_monsterinsights_skip_tracking":false,"_monsterinsights_sitenote_active":false,"_monsterinsights_sitenote_note":"","_monsterinsights_sitenote_category":0,"footnotes":""},"class_list":["post-11","page","type-page","status-publish","hentry"],"aioseo_notices":[],"_links":{"self":[{"href":"http:\/\/metalurgicacolo.com.ar\/index.php\/wp-json\/wp\/v2\/pages\/11","targetHints":{"allow":["GET"]}}],"collection":[{"href":"http:\/\/metalurgicacolo.com.ar\/index.php\/wp-json\/wp\/v2\/pages"}],"about":[{"href":"http:\/\/metalurgicacolo.com.ar\/index.php\/wp-json\/wp\/v2\/types\/page"}],"author":[{"embeddable":true,"href":"http:\/\/metalurgicacolo.com.ar\/index.php\/wp-json\/wp\/v2\/users\/1"}],"replies":[{"embeddable":true,"href":"http:\/\/metalurgicacolo.com.ar\/index.php\/wp-json\/wp\/v2\/comments?post=11"}],"version-history":[{"count":11,"href":"http:\/\/metalurgicacolo.com.ar\/index.php\/wp-json\/wp\/v2\/pages\/11\/revisions"}],"predecessor-version":[{"id":522,"href":"http:\/\/metalurgicacolo.com.ar\/index.php\/wp-json\/wp\/v2\/pages\/11\/revisions\/522"}],"wp:attachment":[{"href":"http:\/\/metalurgicacolo.com.ar\/index.php\/wp-json\/wp\/v2\/media?parent=11"}],"curies":[{"name":"wp","href":"https:\/\/api.w.org\/{rel}","templated":true}]}}