{"id":2,"date":"2019-11-03T16:35:31","date_gmt":"2019-11-03T19:35:31","guid":{"rendered":"http:\/\/metalurgicacolo.com.ar\/?page_id=2"},"modified":"2021-05-01T19:23:13","modified_gmt":"2021-05-01T22:23:13","slug":"pagina-ejemplo","status":"publish","type":"page","link":"http:\/\/metalurgicacolo.com.ar\/index.php\/pagina-ejemplo\/","title":{"rendered":"Quienes Somos&#8230;"},"content":{"rendered":"\n<p>Somos una Empresa Metal\u00fargica dedicada, desde 1956, a la actividad de las construcciones met\u00e1licas.  Con esta larga experiencia, nuestra fuerte vocaci\u00f3n industrial y nuestra permanente orientaci\u00f3n a la actualizaci\u00f3n tecnol\u00f3gica, estamos preparados a enfrentar los desaf\u00edos del futuro.<\/p>\n\n\n\n<div class=\"wp-block-image is-style-default\"><figure class=\"alignright size-large\"><img loading=\"lazy\" decoding=\"async\" width=\"579\" height=\"397\" src=\"http:\/\/metalurgicacolo.com.ar\/wp-content\/uploads\/2019\/12\/colo20vista20frente-1.jpg\" alt=\"\" class=\"wp-image-343\" srcset=\"http:\/\/metalurgicacolo.com.ar\/wp-content\/uploads\/2019\/12\/colo20vista20frente-1.jpg 579w, http:\/\/metalurgicacolo.com.ar\/wp-content\/uploads\/2019\/12\/colo20vista20frente-1-300x206.jpg 300w, http:\/\/metalurgicacolo.com.ar\/wp-content\/uploads\/2019\/12\/colo20vista20frente-1-150x103.jpg 150w\" sizes=\"auto, (max-width: 579px) 100vw, 579px\" \/><\/figure><\/div>\n\n\n\n<h4 class=\"wp-block-heading\"><strong>Nuestros principios \/ valores:<\/strong><\/h4>\n\n\n\n<p>Tenemos respeto por las personas y la comunidad.<br>Entendemos la responsabilidad social de la empresa como generadora de crecimiento econ\u00f3mico y trabajo.<br>Reconocemos la importancia de nuestros empleados, de su capacitaci\u00f3n, y de su desarrollo profesional.<br>Nos comprometemos a ser un proveedor confiable, proporcionando al cliente el mejor servicio.<br>Perseguimos la actualizaci\u00f3n tecnol\u00f3gica de nuestros equipos y procesos.<\/p>\n\n\n\n<h4 class=\"wp-block-heading\"><strong>Nuestro Valor Agregado:<\/strong><\/h4>\n\n\n\n<p>Administraci\u00f3n \u00e1gil y atenci\u00f3n personalizada.<br>Respuestas r\u00e1pidas.<br>Calidad de los trabajos.<br>Flexibilidad para adaptarnos a las necesidades del cliente.<br>Disponibilidad permanente de materiales.<br>Asesoramiento t\u00e9cnico.<\/p>\n","protected":false},"excerpt":{"rendered":"<p>Somos una Empresa Metal\u00fargica dedicada, desde 1956, a la actividad de las construcciones met\u00e1licas. Con esta larga experiencia, nuestra fuerte vocaci\u00f3n industrial y nuestra permanente orientaci\u00f3n a la actualizaci\u00f3n tecnol\u00f3gica, estamos preparados a enfrentar los desaf\u00edos del futuro. Nuestros principios \/ valores: Tenemos respeto por las personas y la comunidad.Entendemos la responsabilidad social de la&#8230;<\/p>\n","protected":false},"author":1,"featured_media":0,"parent":0,"menu_order":0,"comment_status":"closed","ping_status":"open","template":"","meta":{"om_disable_all_campaigns":false,"_monsterinsights_skip_tracking":false,"_monsterinsights_sitenote_active":false,"_monsterinsights_sitenote_note":"","_monsterinsights_sitenote_category":0,"footnotes":""},"class_list":["post-2","page","type-page","status-publish","hentry"],"aioseo_notices":[],"_links":{"self":[{"href":"http:\/\/metalurgicacolo.com.ar\/index.php\/wp-json\/wp\/v2\/pages\/2","targetHints":{"allow":["GET"]}}],"collection":[{"href":"http:\/\/metalurgicacolo.com.ar\/index.php\/wp-json\/wp\/v2\/pages"}],"about":[{"href":"http:\/\/metalurgicacolo.com.ar\/index.php\/wp-json\/wp\/v2\/types\/page"}],"author":[{"embeddable":true,"href":"http:\/\/metalurgicacolo.com.ar\/index.php\/wp-json\/wp\/v2\/users\/1"}],"replies":[{"embeddable":true,"href":"http:\/\/metalurgicacolo.com.ar\/index.php\/wp-json\/wp\/v2\/comments?post=2"}],"version-history":[{"count":8,"href":"http:\/\/metalurgicacolo.com.ar\/index.php\/wp-json\/wp\/v2\/pages\/2\/revisions"}],"predecessor-version":[{"id":657,"href":"http:\/\/metalurgicacolo.com.ar\/index.php\/wp-json\/wp\/v2\/pages\/2\/revisions\/657"}],"wp:attachment":[{"href":"http:\/\/metalurgicacolo.com.ar\/index.php\/wp-json\/wp\/v2\/media?parent=2"}],"curies":[{"name":"wp","href":"https:\/\/api.w.org\/{rel}","templated":true}]}}